{"id":31,"date":"2013-11-25T12:36:52","date_gmt":"2013-11-25T10:36:52","guid":{"rendered":"http:\/\/dreamsonbass.de\/?page_id=31"},"modified":"2017-06-20T14:43:14","modified_gmt":"2017-06-20T12:43:14","slug":"projekte","status":"publish","type":"page","link":"http:\/\/dreamsonbass.de\/?page_id=31","title":{"rendered":"Projekte"},"content":{"rendered":"<p><span style=\"text-decoration: underline;\"><a href=\"http:\/\/dreamsonbass.de\/wp-content\/uploads\/2013\/11\/1375119_345368482265452_1861106054_n.jpg\"><img loading=\"lazy\" decoding=\"async\" class=\"size-medium wp-image-93 alignleft\" src=\"http:\/\/dreamsonbass.de\/wp-content\/uploads\/2013\/11\/1375119_345368482265452_1861106054_n-300x200.jpg\" alt=\"1375119_345368482265452_1861106054_n\" width=\"300\" height=\"200\" srcset=\"http:\/\/dreamsonbass.de\/wp-content\/uploads\/2013\/11\/1375119_345368482265452_1861106054_n-300x200.jpg 300w, http:\/\/dreamsonbass.de\/wp-content\/uploads\/2013\/11\/1375119_345368482265452_1861106054_n.jpg 500w\" sizes=\"auto, (max-width: 300px) 100vw, 300px\" \/><\/a>The real <strong>PARTNERS IN CRIME<\/strong><\/span><\/p>\n<p>`The real PARTNERS IN CRIME\u00b4 ist das Projekt der beiden bekannten Musiker MIKE STARRS (Colosseum II, , Lake, Duesenberg\u2026) und RICHARD ROSSBACH (Lou Reed, Mitch Ryder, Duesenberg, Milva, Markus\u2026). Die beiden haben sich bei der erfolgreichen Band DUESENBERG (dt. Schallplattenpreis 1980) kennengelernt.<\/p>\n<p>Im Sommer 2013 wurde eine Live-Band formiert, um die Musik von `PARTNERS IN CRIME\u00b4 auf die B\u00fchne zu bringen. Ich habe die Ehre und das Vergn\u00fcgen, den Bass und einen Teil der Backing vocals zu bedienen.<\/p>\n<p>Die Musik ist Pop-Rock, Mainstream und trotzdem anspruchsvoll, radiokompatibel mit Hit-Charakter und \u2013potential.<\/p>\n<p>&nbsp;<\/p>\n<p><img decoding=\"async\" style=\"float: right; padding-left: 10px; width: 155px;\" src=\"images\/olaf_stein.jpg\" alt=\"\" \/><\/p>\n<p><img decoding=\"async\" style=\"float: left; padding-right: 10px; width: 250px;\" src=\"images\/martin_bass.jpg\" alt=\"\" \/><\/p>\n<h3><\/h3>\n<h3><a href=\"http:\/\/www.myspace.de\/conbakele\" target=\"_blank\" rel=\"noopener noreferrer\">Conbakele<\/a><\/h3>\n<p align=\"justify\">Urspr\u00fcnglich ein Duo, dann ein Trio, auch mal ein Quartett, jetzt wieder ein Duo: <b>Conbakele<\/b> steht f\u00fcr Ver\u00e4nderung \u2013 nicht nur in der Besetzung, sondern auch in klanglicher Hinsicht. Die Musiker Olaf Plotz (Percussion) und Martin Altmann (Bass) nehmen uns mit auf eine Reise zu unerwarteten und mystischen Orten, in innere Welten. Das Transportmittel ist der Klang, Alles kann und darf passieren, alles ist m\u00f6glich. Die Action von <b>Conbakele<\/b> ist intuitiv, rhythmisch, emotional. Der Improvisation wird viel Raum gegeben. Das Programm unterliegt keiner Einschr\u00e4nkung, es muss k\u00fcnstlerisch ausdrucksvoll sein und Spass machen.<\/p>\n<p align=\"justify\">\n<p align=\"justify\">\n<p align=\"justify\">\n<p align=\"justify\">\n<p align=\"justify\">\n<p><img decoding=\"async\" style=\"float: left; padding-right: 10px; width: 300px;\" src=\"images\/proj_freeacousticband.jpg\" alt=\"\" \/><\/p>\n<h3><a href=\"http:\/\/www.myspace.de\/freeacousticband\" target=\"_blank\" rel=\"noopener noreferrer\">Free Acoustic Band<\/a><\/h3>\n<p align=\"justify\">Zwei akustische Gitarren, Percussion und Bass \u2013 mehr braucht man nicht, um gute Musik zu machen und ein Publikum zu fesseln. Keine Tricks, keine Playbacks, sondern alles handgemacht mit Spass und Leidenschaft und grosser Musikalit\u00e4t. Die <b>Free Acoustic Band<\/b> bringt die musikalischen Highlights der 50er bis 80er Jahre geradlinig auf die B\u00fchne. Das Klangbild ist filigran und differenziert und lotet alle Spielarten der Dyamik aus. Die <b>Free Acoustic Band<\/b> sind: Rainer Rentzow (Gesang, Gitarre, Mundharmonika), Alex Niepelt (Gitarre, Dobro, Gesang), Olaf Plotz (Percussion, Gesang) und Martin Altmann (E-Bass, Kontrabass, Gesang).<\/p>\n<p align=\"justify\">\n<p align=\"justify\">\n<p align=\"justify\">\n<p align=\"justify\">\n<h3 align=\"justify\"><span style=\"text-decoration: underline;\">Chill-o-Nauts<\/span><\/h3>\n<p><a href=\"http:\/\/dreamsonbass.de\/wp-content\/uploads\/2013\/11\/ChilOhnauts-2016-0976.jpg\"><img loading=\"lazy\" decoding=\"async\" class=\"alignnone size-medium wp-image-230\" src=\"http:\/\/dreamsonbass.de\/wp-content\/uploads\/2013\/11\/ChilOhnauts-2016-0976-300x200.jpg\" alt=\"\" width=\"300\" height=\"200\" srcset=\"http:\/\/dreamsonbass.de\/wp-content\/uploads\/2013\/11\/ChilOhnauts-2016-0976-300x200.jpg 300w, http:\/\/dreamsonbass.de\/wp-content\/uploads\/2013\/11\/ChilOhnauts-2016-0976-768x513.jpg 768w, http:\/\/dreamsonbass.de\/wp-content\/uploads\/2013\/11\/ChilOhnauts-2016-0976-1024x684.jpg 1024w\" sizes=\"auto, (max-width: 300px) 100vw, 300px\" \/><\/a><\/p>\n<p>Mit den Chill-o-Nauts erf\u00fcllen sich Richard Rossbach und Martin Altmann einen langj\u00e4hrigen Wunsch, n\u00e4mlich groovige Chill Out &#8211; und Trance-Musik zu kreiren. Instrumentalmusik zum Entspannen, tr\u00e4umen, abheben, sich treiben lassen. Der Improvisation wird Raum gegeben. Eine CD ist erschienen.<\/p>\n<p><img decoding=\"async\" style=\"float: left; padding-right: 10px; width: 300px;\" src=\"images\/proj_solo.jpg\" alt=\"\" \/><\/p>\n<h3>Dreams On Bass (Solo-Bass-Projekt)<\/h3>\n<p align=\"justify\">Die meisten Menschen sehen den Bass als Begleitinstrument f\u00fcr Bands, zust\u00e4ndig f\u00fcr die tiefen T\u00f6ne. In fr\u00fcheren Jahren von <b>Dreams On Bass<\/b> ging es darum, zu zeigen, dass man den Ausdruck eines Basses um ein Vielfaches durch Einsatz diverser spielerischer Mittel erweitern kann und sehr melodi\u00f6s auf dem Bass agieren kann. Die Musik wurde ausschlie\u00dflich auf E-B\u00e4ssen produziert. (siehe auch unter \u201eCD\u00b4s\u201c)<br \/>\nDas Programm bestand aus Eigenkompositionen und einer Auswahl aus Pop- Film- und Jazzmusik.<br \/>\nHeute werden Stimmungen und Klanglandschaften erzeugt, in denen die Improvisation mehr Raum bekommt. Das Publikum wird ber\u00fchrt mit Kl\u00e4ngen, die Wohlf\u00fchleffekte f\u00fcr K\u00f6rper, Geist und Seele hervorrufen k\u00f6nnen. Ruhige, fast meditative Musik kontrastiert mit rhythmischen Grooves, die z.B. an Weltmusik, Blues, Chill Out, Trance, Folklore erinnern.<br \/>\nDazu wird unterst\u00fctzende Technik wie Looper und Groove-Box eingesetzt.<\/p>\n<p>&nbsp;<\/p>\n<p align=\"justify\"><b>Dreams On Bass<\/b> gibt es seit 1996. Seitdem gab es zahlreiche Auftritte in L\u00fcbeck, Hamburg, Kiel, Elmshorn, Itzehoe.<br \/>\nJedes Konzert ist anders, einmalig und neu wie jeder einzelne Tag. Es geht immer um gef\u00fchlsm\u00e4\u00dfigen Ausdruck von Lebensfreude. Verspieltheit, Spontanit\u00e4t.<\/p>\n","protected":false},"excerpt":{"rendered":"<p>The real PARTNERS IN CRIME `The real PARTNERS IN CRIME\u00b4 ist das Projekt der beiden bekannten Musiker MIKE STARRS (Colosseum II, , Lake, Duesenberg\u2026) und RICHARD ROSSBACH (Lou Reed, Mitch Ryder, Duesenberg, Milva, Markus\u2026). Die beiden haben sich bei der erfolgreichen Band DUESENBERG (dt. Schallplattenpreis 1980) kennengelernt. Im Sommer 2013 wurde eine Live-Band formiert, um [&hellip;]<\/p>\n","protected":false},"author":1,"featured_media":0,"parent":0,"menu_order":0,"comment_status":"open","ping_status":"open","template":"","meta":{"footnotes":""},"class_list":["post-31","page","type-page","status-publish","hentry"],"_links":{"self":[{"href":"http:\/\/dreamsonbass.de\/index.php?rest_route=\/wp\/v2\/pages\/31","targetHints":{"allow":["GET"]}}],"collection":[{"href":"http:\/\/dreamsonbass.de\/index.php?rest_route=\/wp\/v2\/pages"}],"about":[{"href":"http:\/\/dreamsonbass.de\/index.php?rest_route=\/wp\/v2\/types\/page"}],"author":[{"embeddable":true,"href":"http:\/\/dreamsonbass.de\/index.php?rest_route=\/wp\/v2\/users\/1"}],"replies":[{"embeddable":true,"href":"http:\/\/dreamsonbass.de\/index.php?rest_route=%2Fwp%2Fv2%2Fcomments&post=31"}],"version-history":[{"count":11,"href":"http:\/\/dreamsonbass.de\/index.php?rest_route=\/wp\/v2\/pages\/31\/revisions"}],"predecessor-version":[{"id":72,"href":"http:\/\/dreamsonbass.de\/index.php?rest_route=\/wp\/v2\/pages\/31\/revisions\/72"}],"wp:attachment":[{"href":"http:\/\/dreamsonbass.de\/index.php?rest_route=%2Fwp%2Fv2%2Fmedia&parent=31"}],"curies":[{"name":"wp","href":"https:\/\/api.w.org\/{rel}","templated":true}]}}