{"id":2,"date":"2013-11-23T18:14:17","date_gmt":"2013-11-23T18:14:17","guid":{"rendered":"http:\/\/dreamsonbass.de\/?page_id=2"},"modified":"2025-05-26T09:23:04","modified_gmt":"2025-05-26T07:23:04","slug":"beispiel-seite","status":"publish","type":"page","link":"http:\/\/dreamsonbass.de\/?page_id=2","title":{"rendered":"Biografie"},"content":{"rendered":"<p align=\"justify\"><b><a href=\"http:\/\/dreamsonbass.de\/wp-content\/uploads\/2013\/11\/martin.jpg\"><img loading=\"lazy\" decoding=\"async\" class=\" wp-image-4 alignleft\" src=\"http:\/\/dreamsonbass.de\/wp-content\/uploads\/2013\/11\/martin-275x300.jpg\" alt=\"martin\" width=\"220\" height=\"240\" srcset=\"http:\/\/dreamsonbass.de\/wp-content\/uploads\/2013\/11\/martin-275x300.jpg 275w, http:\/\/dreamsonbass.de\/wp-content\/uploads\/2013\/11\/martin.jpg 550w\" sizes=\"auto, (max-width: 220px) 100vw, 220px\" \/><\/a><\/b><\/p>\n<p>Es gibt keine gute oder schlechte Musik. Es gibt nur Musik, die ber\u00fchrt oder nicht.<\/p>\n<p>&nbsp;<\/p>\n<p>Ich wurde 1956 in L\u00fcbeck geboren. Meine Eltern waren musikbegeistert, dementsprechend gab es viel Musik in meinem Elternhaus, Opern, Operetten, Sinfonien, M\u00e4rsche. Im Alter von 9 Jahren h\u00f6rte ich dann im Kofferradio der Nachbarstochter \u201eMichelle\u201c von den Beatles. Das war mein Schl\u00fcsselerlebnis in Sachen \u00b4bewusst Musik h\u00f6ren und Musik lieben\u00b4.<\/p>\n<p>Mit 11 Jahren begann ich, Gitarre zu lernen, zun\u00e4chst auf der Gitarre meiner Mutter; zu Weihnachten bekam ich dann eine Framus Westerngitarre geschenkt. In den Wirren der Jugend und der Pubert\u00e4t legte ich die Klampfe immer mal wieder zur Seite, bis dann 1975 mein erster Solo-Auftritt in der \u00b4Galerie 23\u00b4 in L\u00fcbeck stattfand.<\/p>\n<p>1975 schloss ich auch meine Ausbildung ab und beendete somit meine kurze Karriere als Justizangestellter.<\/p>\n<p>1978 gr\u00fcndete ich meine erste Band als E-Gitarrist.<\/p>\n<p>1980 wechselte ich zum E-Bass, beeinflusst durch einen Bekannten, der in L\u00fcbeck einen sehr guten Ruf als Bassist genoss (Michael Jacob).<\/p>\n<p>Es folgte ein Umzug nach Hamburg, ein Studium (Diplom-Bibliothekar) und viele Auftritte als Bassist in diversen Formationen.<\/p>\n<p>1990 machte ich mich als Profi-Musiker selbst\u00e4ndig. Ich bin nicht an einen Musikstil gebunden und arbeite im Rock, Pop, Blues, Soul, Funk, Folk, Reggae, Ethno, Chill Out, Lounge\u2026<\/p>\n<p>Meine Aktivit\u00e4ten umfassen Konzerte, Unterricht auf Bass und Gitarre, ein regelm\u00e4\u00dfig stattfindender Workshop in Hamburg und Studioarbeit f\u00fcr andere K\u00fcnstler.<\/p>\n<p>Ich habe mit den verschiedensten Bands wie Tanzmusik die Menschen gepflegt unterhalten, mit einem Blues\/Rock-Powertrio den Hamburger Kiez zum Beben gebracht, mit Oldies die Leute in Erinnerungen schwelgen lassen, reinrassigen Rock\u00b4n\u00b4Roll der 50er dargeboten, mit anspruchsvollem Pop das Publikum begeistert, mit Improvisation und Weltmusik in Trance versetzt, mit Musicals die Herzen ber\u00fchrt und in einer Showband (u.a. Leningrad Cowboys- und Blues Brothers-Show) die Menschen feiern lassen.<\/p>\n<p>Bislang waren es \u00fcber 3500 Konzerte. (Stand: Mai 2025)<\/p>\n<p>&nbsp;<\/p>\n","protected":false},"excerpt":{"rendered":"<p>Es gibt keine gute oder schlechte Musik. Es gibt nur Musik, die ber\u00fchrt oder nicht. &nbsp; Ich wurde 1956 in L\u00fcbeck geboren. Meine Eltern waren musikbegeistert, dementsprechend gab es viel Musik in meinem Elternhaus, Opern, Operetten, Sinfonien, M\u00e4rsche. Im Alter von 9 Jahren h\u00f6rte ich dann im Kofferradio der Nachbarstochter \u201eMichelle\u201c von den Beatles. Das [&hellip;]<\/p>\n","protected":false},"author":1,"featured_media":0,"parent":0,"menu_order":0,"comment_status":"open","ping_status":"open","template":"","meta":{"footnotes":""},"class_list":["post-2","page","type-page","status-publish","hentry"],"_links":{"self":[{"href":"http:\/\/dreamsonbass.de\/index.php?rest_route=\/wp\/v2\/pages\/2","targetHints":{"allow":["GET"]}}],"collection":[{"href":"http:\/\/dreamsonbass.de\/index.php?rest_route=\/wp\/v2\/pages"}],"about":[{"href":"http:\/\/dreamsonbass.de\/index.php?rest_route=\/wp\/v2\/types\/page"}],"author":[{"embeddable":true,"href":"http:\/\/dreamsonbass.de\/index.php?rest_route=\/wp\/v2\/users\/1"}],"replies":[{"embeddable":true,"href":"http:\/\/dreamsonbass.de\/index.php?rest_route=%2Fwp%2Fv2%2Fcomments&post=2"}],"version-history":[{"count":10,"href":"http:\/\/dreamsonbass.de\/index.php?rest_route=\/wp\/v2\/pages\/2\/revisions"}],"predecessor-version":[{"id":332,"href":"http:\/\/dreamsonbass.de\/index.php?rest_route=\/wp\/v2\/pages\/2\/revisions\/332"}],"wp:attachment":[{"href":"http:\/\/dreamsonbass.de\/index.php?rest_route=%2Fwp%2Fv2%2Fmedia&parent=2"}],"curies":[{"name":"wp","href":"https:\/\/api.w.org\/{rel}","templated":true}]}}